{"id":5160,"date":"2022-05-30T09:05:47","date_gmt":"2022-05-30T09:05:47","guid":{"rendered":"https:\/\/hugs.ai\/impressum\/"},"modified":"2022-09-12T09:44:07","modified_gmt":"2022-09-12T09:44:07","slug":"impressum","status":"publish","type":"page","link":"https:\/\/hugs.ai\/de\/impressum\/","title":{"rendered":"Impressum"},"content":{"rendered":"\t\t<div data-elementor-type=\"wp-page\" data-elementor-id=\"5160\" class=\"elementor elementor-5160 elementor-1239\">\n\t\t\t\t\t\t\t\t\t<section class=\"elementor-section elementor-top-section elementor-element elementor-element-3a4cb21 elementor-section-boxed elementor-section-height-default elementor-section-height-default\" data-id=\"3a4cb21\" data-element_type=\"section\">\n\t\t\t\t\t\t<div class=\"elementor-container elementor-column-gap-default\">\n\t\t\t\t\t<div class=\"elementor-column elementor-col-100 elementor-top-column elementor-element elementor-element-116bb66\" data-id=\"116bb66\" data-element_type=\"column\">\n\t\t\t<div class=\"elementor-widget-wrap elementor-element-populated\">\n\t\t\t\t\t\t\t\t<div class=\"elementor-element elementor-element-9790851 elementor-widget elementor-widget-heading\" data-id=\"9790851\" data-element_type=\"widget\" data-widget_type=\"heading.default\">\n\t\t\t\t<div class=\"elementor-widget-container\">\n\t\t\t<style>\/*! elementor - v3.7.7 - 20-09-2022 *\/\n.elementor-heading-title{padding:0;margin:0;line-height:1}.elementor-widget-heading .elementor-heading-title[class*=elementor-size-]>a{color:inherit;font-size:inherit;line-height:inherit}.elementor-widget-heading .elementor-heading-title.elementor-size-small{font-size:15px}.elementor-widget-heading .elementor-heading-title.elementor-size-medium{font-size:19px}.elementor-widget-heading .elementor-heading-title.elementor-size-large{font-size:29px}.elementor-widget-heading .elementor-heading-title.elementor-size-xl{font-size:39px}.elementor-widget-heading .elementor-heading-title.elementor-size-xxl{font-size:59px}<\/style><h1 class=\"elementor-heading-title elementor-size-default\">IMPRESSUM<\/h1>\t\t<\/div>\n\t\t\t\t<\/div>\n\t\t\t\t<div class=\"elementor-element elementor-element-8134f89 elementor-widget elementor-widget-text-editor\" data-id=\"8134f89\" data-element_type=\"widget\" data-widget_type=\"text-editor.default\">\n\t\t\t\t<div class=\"elementor-widget-container\">\n\t\t\t<style>\/*! elementor - v3.7.7 - 20-09-2022 *\/\n.elementor-widget-text-editor.elementor-drop-cap-view-stacked .elementor-drop-cap{background-color:#818a91;color:#fff}.elementor-widget-text-editor.elementor-drop-cap-view-framed .elementor-drop-cap{color:#818a91;border:3px solid;background-color:transparent}.elementor-widget-text-editor:not(.elementor-drop-cap-view-default) .elementor-drop-cap{margin-top:8px}.elementor-widget-text-editor:not(.elementor-drop-cap-view-default) .elementor-drop-cap-letter{width:1em;height:1em}.elementor-widget-text-editor .elementor-drop-cap{float:left;text-align:center;line-height:1;font-size:50px}.elementor-widget-text-editor .elementor-drop-cap-letter{display:inline-block}<\/style>\t\t\t\t<div class=\"elementor-element elementor-element-35410d9 elementor-widget elementor-widget-text-editor\" data-id=\"35410d9\" data-element_type=\"widget\" data-widget_type=\"text-editor.default\">\n<div class=\"elementor-widget-container\">\n<h2>Adresse<\/h2>\n<p>HUGS GmbH<br \/>\nAlte Landstrasse 195<br \/>\nCH-8706 Meilen<\/p>\n<p>Phone: +41(0)78 815 55 09<br \/>\nEmail: info@hugs.ai<br \/>\nWebsite: www.hugs.ai<\/p>\n<h2>Unternehmensnummern<\/h2>\n<p>Handelsregister-Numme: CH-020.4.064.246-8<br \/>\nMwSt-Nummer: CHE-272.362.762 MWST<\/p>\n<h2>Haftungsausschluss<\/h2>\n<p>Die HUGS GmbH \u00fcbernimmt keine Gew\u00e4hr f\u00fcr die Richtigkeit, Genauigkeit, Aktualit\u00e4t, Zuverl\u00e4ssigkeit und Vollst\u00e4ndigkeit der Informationen.<\/p>\n<p>Haftungsanspr\u00fcche gegen HUGS Ltd. wegen Sch\u00e4den materieller oder immaterieller Art, welche aus dem Zugriff oder der Nutzung bzw. Nichtnutzung der ver\u00f6ffentlichten Informationen, durch Missbrauch der Verbindung oder durch technische St\u00f6rungen entstanden sind, werden ausgeschlossen.<\/p>\n<p>Alle Angebote sind freibleibend. Die HUGS GmbH beh\u00e4lt es sich ausdr\u00fccklich vor, Teile der Seiten oder das gesamte Angebot ohne gesonderte Ank\u00fcndigung zu ver\u00e4ndern, zu erg\u00e4nzen, zu l\u00f6schen oder die Ver\u00f6ffentlichung zeitweise oder endg\u00fcltig einzustellen.<\/p>\n<h2>Links<\/h2>\n<p>Die Website von HUGS Ltd. kann Links zu Websiten Dritter enthalten. Die HUGS GmbH hat nicht alle Inhalte und Elemente dieser verlinkten Websiten \u00fcberpr\u00fcft und \u00fcbernimmt daher keinerlei Haftung in Bezug auf diese Websiten.<\/p>\n<h2>Urheberrechte<\/h2>\n<p>Das Urheberrecht und alle anderen Rechte an Inhalten, Bildern, Fotos oder anderen Dateien auf der Website geh\u00f6ren ausschliesslich der Firma HUGS Ltd. oder den namentlich genannten Rechtsinhabern. F\u00fcr die Reproduktion jeglicher Elemente ist die schriftliche Zustimmung der Rechteinhaber im Voraus einzuholen.<\/p>\n<h2>Datenschutz<\/h2>\n<p>S\u00e4mtliche Elemente und Inhalte auf der Website der HUGS GmbH, insbesondere Elemente, die durch Urheber- und\/oder andere Rechte gesch\u00fctzt sind, geh\u00f6ren ausschliesslich und umfassend der HUGS GmbH oder ihren Lizenzgebern, sofern nichts anderes erw\u00e4hnt ist. Diese Elemente und Inhalte sind nur f\u00fcr Browsingzwecke bestimmt. Das Herunterladen, Drucken und jede Form der Vervielf\u00e4ltigung von Informationen (mit Ausnahme der technisch vor\u00fcbergehenden Zwischenspeicherung einer Kopie) ist nur unter vollst\u00e4ndiger Angabe der Quelle gestattet. S\u00e4mtliche Handlungen oder Verhaltensweisen, die hier nicht ausdr\u00fccklich beschrieben sind, wie z.B. die Ver\u00e4nderung, Ver\u00f6ffentlichung oder \u00f6ffentliche Wiedergabe von Elementen und Inhalten auf der HUGS GmbH Website, bed\u00fcrfen der vorherigen Zustimmung von HUGS GmbH. Durch ein Herunterladen oder Kopieren der Website von HUGS GmbH werden Ihnen keinerlei Rechte im Hinblick auf die Software, Elemente oder Inhalte der Website von HUGS GmbH \u00fcbertragen.<\/p>\n<h2>Datenschutzbestimmungen f\u00fcr die Nutzung von Google Analytics<\/h2>\n<p>Diese Website benutzt Google Analytics, einen Webanalysedienst der Google Inc. (&#8222;Google&#8220;). Google Analytics verwendet sog. &#8222;Cookies&#8220;, Textdateien, die auf Ihrem Computer gespeichert werden und die eine Analyse der Benutzung der Website durch Sie erm\u00f6glichen. Die durch den Cookie erzeugten Informationen \u00fcber Ihre Benutzung dieser Website werden in der Regel an einen Server von Google in den USA \u00fcbertragen und dort gespeichert. Im Falle der Aktivierung der IP-Anonymisierung auf dieser Website, wird Ihre IP-Adresse von Google jedoch innerhalb von Mitgliedstaaten der Europ\u00e4ischen Union oder in anderen Vertragsstaaten des Abkommens \u00fcber den Europ\u00e4ischen Wirtschaftsraum zuvor gek\u00fcrzt.<\/p>\n<p>Nur in Ausnahmef\u00e4llen wird die volle IP-Adresse an einen Server von Google in den USA \u00fcbertragen und dort gek\u00fcrzt. Google wird diese Informationen benutzen, um Ihre Nutzung der Website auszuwerten, um Reports \u00fcber die Websiteaktivit\u00e4ten f\u00fcr die Websitebetreiber zusammenzustellen und um weitere mit der Websitenutzung und der Internetnutzung verbundene Dienstleistungen zu erbringen. Auch wird Google diese Informationen gegebenenfalls an Dritte \u00fcbertragen, sofern dies gesetzlich vorgeschrieben oder soweit Dritte diese Daten im Auftrag von Google verarbeiten.<\/p>\n<p>Sie k\u00f6nnen die Installation der Cookies durch eine entsprechende Einstellung Ihrer Browser Software verhindern; wir weisen Sie jedoch darauf hin, dass Sie in diesem Fall gegebenenfalls nicht s\u00e4mtliche Funktionen dieser Website voll umf\u00e4nglich nutzen k\u00f6nnen. Durch die Nutzung dieser Website erkl\u00e4ren Sie sich mit der Bearbeitung der \u00fcber Sie erhobenen Daten durch Google in der zuvor beschriebenen Art und Weise und zu dem zuvor benannten Zweck einverstanden.<\/p>\n<h2 id=\"cookies\" style=\"padding-top: 100px;\">Verwendung von Cookies<\/h2>\n<p>HUGS GmbH verwendet sogenannte &#8222;Cookies&#8220;. Diese dienen dazu, unser Angebot besser auf Ihre W\u00fcnsche abzustimmen und statistische Daten \u00fcber die Nutzung unserer Website zu sammeln. &#8222;Cookies&#8220; sind kleine Textdateien, die von einer Website lokal im Speicher Ihres Internet-Browsers auf dem von Ihnen genutzten Rechner abgelegt werden k\u00f6nnen. Cookies erm\u00f6glichen insbesondere die Wiedererkennung des Internetbrowsers. Die Cookies auf unserer Website sammeln keine pers\u00f6nlichen Informationen \u00fcber Sie oder Ihre Nutzung. Wenn Sie Cookies gesetzt haben, k\u00f6nnen Sie diese jederzeit selbst l\u00f6schen, indem Sie den entsprechenden Men\u00fcpunkt in Ihrem Internetbrowser aufrufen oder die Cookies auf Ihrer Festplatte l\u00f6schen. Einzelheiten hierzu finden Sie im Hilfe-Men\u00fc Ihres Internet-Browsers.<\/p>\n<p>Nutzung der Website ohne Cookies.<\/p>\n<p>Nat\u00fcrlich k\u00f6nnen Sie unsere Website auch nutzen, ohne dass Cookies verwendet werden. Sie k\u00f6nnen die Verwendung von Cookies jederzeit \u00fcber die Einstellungen Ihres Internetbrowsers generell ablehnen (&#8222;deaktivieren&#8220;). Alternativ k\u00f6nnen Sie die Einstellung von Cookies einsehen und dann von Fall zu Fall entscheiden, ob Cookies akzeptiert werden sollen (&#8222;Cookie-Warnung&#8220;). Die Ablehnung oder Anzeige von Cookies kann die Funktionalit\u00e4t unserer Website beeintr\u00e4chtigen.<\/p>\n<h2>Server Log-Dateien<\/h2>\n<p>Die HUGS GmbH erhebt und speichert automatisch Informationen in so genannten Server Log-Dateien, die Ihr Browser automatisch an uns \u00fcbermittelt. Dies sind:<br \/>\n&#8211; Browsertyp \/ Browserversion<br \/>\n&#8211; verwendetes Betriebssystem<br \/>\n&#8211; Referrer URL<br \/>\n&#8211; Hostname des zugreifenden Rechners<br \/>\n&#8211; Uhrzeit der Serveranfrage<\/p>\n<p>Diese Daten sind f\u00fcr uns nicht bestimmten Personen zuordenbar. Eine Zusammenf\u00fchrung dieser Daten mit anderen Datenquellen wird nicht vorgenommen. Wir behalten uns vor, diese Daten nachtr\u00e4glich zu pr\u00fcfen, wenn uns konkrete Anhaltspunkte f\u00fcr eine rechtswidrige Nutzung bekannt werden.<\/p>\n<h2>Recht auf Information und Einspruch<\/h2>\n<p>Sie haben jederzeit das Recht auf Auskunft \u00fcber die bez\u00fcglich Ihrer Person gespeicherten Daten, deren Herkunft und Empf\u00e4nger sowie den Zweck der Speicherung. Au\u00dferdem haben Sie das Recht auf Berichtigung, L\u00f6schung und Einschr\u00e4nkung der Verarbeitung. Dar\u00fcber hinaus haben Sie ein Recht auf Widerspruch gegen die Verarbeitung Ihrer Daten. Auskunft \u00fcber die gespeicherten Daten erhalten Sie von unserem Datenschutzbeauftragten unter info@hugs.ai<\/p>\n<\/div>\n<\/div>\n\t\t\t\t\t\t<\/div>\n\t\t\t\t<\/div>\n\t\t\t\t\t<\/div>\n\t\t<\/div>\n\t\t\t\t\t\t\t<\/div>\n\t\t<\/section>\n\t\t\t\t\t\t\t<\/div>\n\t\t","protected":false},"excerpt":{"rendered":"<p>IMPRESSUM Adresse HUGS GmbH Alte Landstrasse 195 CH-8706 Meilen Phone: +41(0)78 815 55 09 Email: info@hugs.ai Website: www.hugs.ai Unternehmensnummern Handelsregister-Numme: CH-020.4.064.246-8 MwSt-Nummer: CHE-272.362.762 MWST Haftungsausschluss Die HUGS GmbH \u00fcbernimmt keine Gew\u00e4hr f\u00fcr die Richtigkeit, Genauigkeit, Aktualit\u00e4t, Zuverl\u00e4ssigkeit und Vollst\u00e4ndigkeit der Informationen. Haftungsanspr\u00fcche gegen HUGS Ltd. wegen Sch\u00e4den materieller oder immaterieller Art, welche aus dem Zugriff [&hellip;]<\/p>\n","protected":false},"author":1,"featured_media":0,"parent":0,"menu_order":0,"comment_status":"closed","ping_status":"closed","template":"elementor_header_footer","meta":{"footnotes":""},"class_list":["post-5160","page","type-page","status-publish","hentry"],"_links":{"self":[{"href":"https:\/\/hugs.ai\/de\/wp-json\/wp\/v2\/pages\/5160","targetHints":{"allow":["GET"]}}],"collection":[{"href":"https:\/\/hugs.ai\/de\/wp-json\/wp\/v2\/pages"}],"about":[{"href":"https:\/\/hugs.ai\/de\/wp-json\/wp\/v2\/types\/page"}],"author":[{"embeddable":true,"href":"https:\/\/hugs.ai\/de\/wp-json\/wp\/v2\/users\/1"}],"replies":[{"embeddable":true,"href":"https:\/\/hugs.ai\/de\/wp-json\/wp\/v2\/comments?post=5160"}],"version-history":[{"count":15,"href":"https:\/\/hugs.ai\/de\/wp-json\/wp\/v2\/pages\/5160\/revisions"}],"predecessor-version":[{"id":5175,"href":"https:\/\/hugs.ai\/de\/wp-json\/wp\/v2\/pages\/5160\/revisions\/5175"}],"wp:attachment":[{"href":"https:\/\/hugs.ai\/de\/wp-json\/wp\/v2\/media?parent=5160"}],"curies":[{"name":"wp","href":"https:\/\/api.w.org\/{rel}","templated":true}]}}